{"id":159,"date":"2025-03-12T17:00:07","date_gmt":"2025-03-12T17:00:07","guid":{"rendered":"https:\/\/softredes.co\/?page_id=159"},"modified":"2025-03-14T16:12:52","modified_gmt":"2025-03-14T16:12:52","slug":"inicio","status":"publish","type":"page","link":"https:\/\/softredes.co\/","title":{"rendered":"Inicio"},"content":{"rendered":"<p>[et_pb_section fb_built=\u00bb1&#8243; fullwidth=\u00bbon\u00bb _builder_version=\u00bb4.27.4&#8243; _module_preset=\u00bbdefault\u00bb custom_margin=\u00bb0px||10px||false|false\u00bb custom_padding=\u00bb0px||0px||false|false\u00bb global_colors_info=\u00bb{}\u00bb][et_pb_fullwidth_slider show_pagination=\u00bboff\u00bb use_bg_overlay=\u00bboff\u00bb use_text_overlay=\u00bbon\u00bb text_overlay_color=\u00bb#999999&#8243; _builder_version=\u00bb4.27.4&#8243; _module_preset=\u00bbdefault\u00bb header_level=\u00bbh1&#8243; header_font=\u00bb|600|||||||\u00bb header_text_align=\u00bbcenter\u00bb header_font_size=\u00bb28px\u00bb body_text_align=\u00bbcenter\u00bb body_font_size=\u00bb16px\u00bb background_color=\u00bb#000000&#8243; custom_button=\u00bbon\u00bb button_text_size=\u00bb14px\u00bb button_text_color=\u00bb#FFFFFF\u00bb button_bg_use_color_gradient=\u00bbon\u00bb button_bg_color_gradient_direction=\u00bb142deg\u00bb button_bg_color_gradient_stops=\u00bb#2b87da 0%|#2cb1d6 100%\u00bb button_border_width=\u00bb0px\u00bb button_border_radius=\u00bb8px\u00bb button_font=\u00bb|600|||||||\u00bb button_icon=\u00bb&#xe0dc;||divi||400&#8243; button_icon_placement=\u00bbleft\u00bb button_on_hover=\u00bboff\u00bb button_alignment=\u00bbcenter\u00bb module_alignment=\u00bbcenter\u00bb content_width=\u00bb100%\u00bb min_height=\u00bb413px\u00bb height=\u00bb456px\u00bb max_height=\u00bb456px\u00bb custom_padding=\u00bb0px||0px||false|false\u00bb box_shadow_style=\u00bbpreset2&#8243; box_shadow_style_button=\u00bbpreset2&#8243; box_shadow_color_button=\u00bb#0D65E0&#8243; global_colors_info=\u00bb{}\u00bb][et_pb_slide heading=\u00bb\ud83d\udd25\ud83d\udd10 Gesti\u00f3n de Redes y Seguridad con Equipos Empresariales\u00bb button_text=\u00bbMas informaci\u00f3n\u00bb use_text_overlay=\u00bbon\u00bb text_overlay_color=\u00bbrgba(0,0,0,0.71)\u00bb text_border_radius=\u00bb7px\u00bb _builder_version=\u00bb4.27.4&#8243; _module_preset=\u00bbdefault\u00bb background_enable_color=\u00bboff\u00bb background_image=\u00bbhttps:\/\/softredes.co\/wp-content\/uploads\/2025\/03\/Gestion-y-segurdad-en-redes-y-Centro-de-datos-empresariales.webp\u00bb background_enable_image=\u00bbon\u00bb parallax=\u00bbon\u00bb global_colors_info=\u00bb{}\u00bb heading__hover_enabled=\u00bboff|desktop\u00bb sticky_transition=\u00bbon\u00bb]<\/p>\n<p style=\"text-align: center;\">Protege tu infraestructura con soluciones avanzadas en gesti\u00f3n de redes y firewalls empresariales. Optimiza el rendimiento, previene ataques cibern\u00e9ticos y asegura la continuidad de tu negocio con tecnolog\u00eda de vanguardia. \ud83d\ude80\ud83d\udd12<\/p>\n<p>[\/et_pb_slide][et_pb_slide heading=\u00bb\ud83d\udda5\ufe0f\ud83d\ude80 Dise\u00f1o y Desarrollo de Software a Medida\u00bb button_text=\u00bbMas informaci\u00f3n\u00bb use_text_overlay=\u00bbon\u00bb text_overlay_color=\u00bbrgba(0,0,0,0.71)\u00bb text_border_radius=\u00bb7px\u00bb _builder_version=\u00bb4.27.4&#8243; _module_preset=\u00bbdefault\u00bb background_enable_color=\u00bboff\u00bb background_image=\u00bbhttps:\/\/softredes.co\/wp-content\/uploads\/2025\/03\/Diseno-y-desarrollo-web.webp\u00bb background_enable_image=\u00bbon\u00bb parallax=\u00bbon\u00bb global_colors_info=\u00bb{}\u00bb heading__hover_enabled=\u00bboff|desktop\u00bb sticky_transition=\u00bbon\u00bb]<\/p>\n<p>Creamos soluciones digitales innovadoras y a la medida de tu negocio. Desde aplicaciones web y m\u00f3viles hasta software empresarial, garantizando calidad, eficiencia y escalabilidad. Transforma tus ideas en realidad con tecnolog\u00eda de vanguardia. \ud83d\udca1\ud83d\udcbb<\/p>\n<p>[\/et_pb_slide][et_pb_slide heading=\u00bb \ud83d\udd27\ud83d\udcbb Repuestos y Equipos de C\u00f3mputo al Mejor Precio\u00bb button_text=\u00bbMas informaci\u00f3n\u00bb use_text_overlay=\u00bbon\u00bb text_overlay_color=\u00bbrgba(0,0,0,0.54)\u00bb text_border_radius=\u00bb7px\u00bb _builder_version=\u00bb4.27.4&#8243; _module_preset=\u00bbdefault\u00bb background_image=\u00bbhttps:\/\/softredes.co\/wp-content\/uploads\/2025\/03\/venta-de-hardware-y-equipos-de-computo.webp\u00bb background_enable_image=\u00bbon\u00bb parallax=\u00bbon\u00bb background_blend=\u00bbdarken\u00bb global_colors_info=\u00bb{}\u00bb sticky_transition=\u00bbon\u00bb]<\/p>\n<p style=\"text-align: center;\">Encuentra todo lo que necesitas para mantener tu equipo en \u00f3ptimas condiciones. Desde repuestos originales hasta computadoras y accesorios de \u00faltima generaci\u00f3n. Calidad garantizada y env\u00edos a todo el pa\u00eds. \ud83d\ude80\u2728<\/p>\n<p>[\/et_pb_slide][et_pb_slide heading=\u00bb\ud83d\udcf9\ud83d\udd0c CCTV y Cableado Estructurado para M\u00e1xima Seguridad y Conectividad\u00bb button_text=\u00bbMas informaci\u00f3n\u00bb use_text_overlay=\u00bbon\u00bb text_overlay_color=\u00bbrgba(0,0,0,0.54)\u00bb text_border_radius=\u00bb7px\u00bb _builder_version=\u00bb4.27.4&#8243; _module_preset=\u00bbdefault\u00bb background_image=\u00bbhttps:\/\/softredes.co\/wp-content\/uploads\/2025\/03\/CCTV-y-Cableado-estructurado.webp\u00bb background_enable_image=\u00bbon\u00bb parallax=\u00bbon\u00bb background_blend=\u00bbdarken\u00bb global_colors_info=\u00bb{}\u00bb sticky_transition=\u00bbon\u00bb]<\/p>\n<p style=\"text-align: center;\">Implementamos soluciones integrales en videovigilancia y cableado estructurado para garantizar la seguridad y conectividad de tu empresa u hogar. C\u00e1maras de alta definici\u00f3n, redes estables y tecnolog\u00eda de vanguardia en un solo servicio. \ud83d\udd12\ud83d\udce1\ud83d\ude80<\/p>\n<p>[\/et_pb_slide][\/et_pb_fullwidth_slider][\/et_pb_section][et_pb_section fb_built=\u00bb1&#8243; _builder_version=\u00bb4.27.4&#8243; _module_preset=\u00bbdefault\u00bb global_colors_info=\u00bb{}\u00bb][et_pb_row _builder_version=\u00bb4.27.4&#8243; _module_preset=\u00bbdefault\u00bb global_colors_info=\u00bb{}\u00bb][et_pb_column type=\u00bb4_4&#8243; _builder_version=\u00bb4.27.4&#8243; _module_preset=\u00bbdefault\u00bb global_colors_info=\u00bb{}\u00bb][et_pb_blog fullwidth=\u00bboff\u00bb posts_number=\u00bb3&#8243; include_categories=\u00bball\u00bb show_more=\u00bbon\u00bb show_author=\u00bboff\u00bb show_date=\u00bboff\u00bb _builder_version=\u00bb4.27.4&#8243; _module_preset=\u00bbdefault\u00bb header_text_color=\u00bb#0d8cdb\u00bb header_font_size=\u00bb20px\u00bb read_more_font=\u00bb|600|||||||\u00bb read_more_text_color=\u00bb#0d96db\u00bb read_more_font_size=\u00bb16px\u00bb text_orientation=\u00bbleft\u00bb border_radii=\u00bbon|10px|10px|10px|10px\u00bb border_radii_image=\u00bboff|12px|12px||\u00bb box_shadow_style=\u00bbpreset2&#8243; global_colors_info=\u00bb{}\u00bb][\/et_pb_blog][\/et_pb_column][\/et_pb_row][\/et_pb_section][et_pb_section fb_built=\u00bb1&#8243; _builder_version=\u00bb4.27.4&#8243; _module_preset=\u00bbdefault\u00bb background_video_mp4=\u00bbhttps:\/\/softredes.co\/wp-content\/uploads\/2025\/03\/Centro-de-datos.mp4&#8243; border_radii=\u00bboff||||\u00bb global_colors_info=\u00bb{}\u00bb][et_pb_row _builder_version=\u00bb4.27.4&#8243; _module_preset=\u00bbdefault\u00bb background_color=\u00bbrgba(10,10,10,0.4)\u00bb custom_padding=\u00bb20px|25px|20px|25px|false|false\u00bb border_radii=\u00bbon|20px|20px|20px|20px\u00bb global_colors_info=\u00bb{}\u00bb][et_pb_column type=\u00bb4_4&#8243; _builder_version=\u00bb4.27.4&#8243; _module_preset=\u00bbdefault\u00bb global_colors_info=\u00bb{}\u00bb][et_pb_text _builder_version=\u00bb4.27.4&#8243; _module_preset=\u00bbdefault\u00bb text_text_color=\u00bb#FFFFFF\u00bb text_font_size=\u00bb26px\u00bb text_orientation=\u00bbcenter\u00bb global_colors_info=\u00bb{}\u00bb]<\/p>\n<h1 data-start=\"0\" data-end=\"21\"><span style=\"color: #ffffff;\"><strong data-start=\"0\" data-end=\"19\">\u00bfQui\u00e9nes somos?<\/strong><\/span><\/h1>\n<p>[\/et_pb_text][et_pb_text _builder_version=\u00bb4.27.4&#8243; _module_preset=\u00bbdefault\u00bb text_font=\u00bb|300|||||||\u00bb text_text_color=\u00bb#FFFFFF\u00bb text_font_size=\u00bb20px\u00bb text_orientation=\u00bbcenter\u00bb global_colors_info=\u00bb{}\u00bb]<\/p>\n<p data-start=\"23\" data-end=\"377\" style=\"text-align: justify;\">Somos un equipo de profesionales especializados en administraci\u00f3n de sistemas y redes, garantizando la estabilidad y seguridad de las infraestructuras tecnol\u00f3gicas. Tambi\u00e9n ofrecemos soluciones en cableado estructurado y circuito cerrado de televisi\u00f3n (CCTV), asegurando instalaciones de alta calidad para una conectividad y videovigilancia eficientes.<\/p>\n<p data-start=\"379\" data-end=\"727\" style=\"text-align: justify;\">Desarrollamos software a la medida para optimizar procesos y mejorar la productividad de las organizaciones, creando soluciones innovadoras y adaptadas a cada necesidad. Adem\u00e1s, brindamos servicios de hosting y correo electr\u00f3nico profesional, proporcionando plataformas seguras y confiables para la gesti\u00f3n de datos y la comunicaci\u00f3n empresarial.<\/p>\n<p data-start=\"729\" data-end=\"995\" data-is-last-node=\"\" data-is-only-node=\"\" style=\"text-align: justify;\">Complementamos nuestros servicios con la venta de tecnolog\u00eda, ofreciendo equipos y dispositivos de \u00faltima generaci\u00f3n con asesoramiento especializado. Nuestro compromiso es entregar soluciones de calidad, con un enfoque en la innovaci\u00f3n, la seguridad y la eficiencia.<\/p>\n<p>[\/et_pb_text][\/et_pb_column][\/et_pb_row][\/et_pb_section][et_pb_section fb_built=\u00bb1&#8243; _builder_version=\u00bb4.27.4&#8243; _module_preset=\u00bbdefault\u00bb global_colors_info=\u00bb{}\u00bb][et_pb_row column_structure=\u00bb1_2,1_2&#8243; _builder_version=\u00bb4.27.4&#8243; _module_preset=\u00bbdefault\u00bb global_colors_info=\u00bb{}\u00bb][et_pb_column type=\u00bb1_2&#8243; _builder_version=\u00bb4.27.4&#8243; _module_preset=\u00bbdefault\u00bb global_colors_info=\u00bb{}\u00bb][et_pb_text _builder_version=\u00bb4.27.4&#8243; _module_preset=\u00bbdefault\u00bb text_text_color=\u00bb#0d68e8&#8243; text_font_size=\u00bb25px\u00bb text_orientation=\u00bbcenter\u00bb global_colors_info=\u00bb{}\u00bb]\ud83c\udfaf Misi\u00f3n[\/et_pb_text][et_pb_text _builder_version=\u00bb4.27.4&#8243; _module_preset=\u00bbdefault\u00bb text_font=\u00bb|300|||||||\u00bb text_text_color=\u00bb#000000&#8243; text_font_size=\u00bb16px\u00bb text_orientation=\u00bbcenter\u00bb global_colors_info=\u00bb{}\u00bb]En C&#038;C Softredes S.A.S., nos dedicamos a brindar soluciones tecnol\u00f3gicas \u00e1giles, eficientes y oportunas en teleinform\u00e1tica, telecomunicaciones e inteligencia artificial. Nuestro compromiso es satisfacer las necesidades y expectativas de nuestros clientes a trav\u00e9s de servicios de mantenimiento, actualizaci\u00f3n y consultor\u00eda especializada.<br \/>\nPromovemos el mejoramiento continuo y la excelencia mediante estrategias innovadoras que impulsan el crecimiento de nuestros clientes y de la empresa. Contamos con un equipo altamente comprometido con los valores institucionales, la calidad humana y la responsabilidad social, contribuyendo as\u00ed al desarrollo tecnol\u00f3gico, econ\u00f3mico y social de nuestro pa\u00eds.[\/et_pb_text][\/et_pb_column][et_pb_column type=\u00bb1_2&#8243; _builder_version=\u00bb4.27.4&#8243; _module_preset=\u00bbdefault\u00bb global_colors_info=\u00bb{}\u00bb][et_pb_text _builder_version=\u00bb4.27.4&#8243; _module_preset=\u00bbdefault\u00bb text_text_color=\u00bb#0d68e8&#8243; text_font_size=\u00bb25px\u00bb text_orientation=\u00bbcenter\u00bb global_colors_info=\u00bb{}\u00bb]\ud83d\udc41\ufe0f Visi\u00f3n[\/et_pb_text][et_pb_text _builder_version=\u00bb4.27.4&#8243; _module_preset=\u00bbdefault\u00bb text_font=\u00bb|300|||||||\u00bb text_text_color=\u00bb#000000&#8243; text_font_size=\u00bb16px\u00bb text_orientation=\u00bbcenter\u00bb global_colors_info=\u00bb{}\u00bb]Ser una organizaci\u00f3n l\u00edder a nivel nacional en la comercializaci\u00f3n, consultor\u00eda y soporte de soluciones tecnol\u00f3gicas, incluyendo software a la medida, servicios inform\u00e1ticos, TIC e inteligencia artificial. Nos enfocamos en ofrecer soluciones innovadoras y de alto impacto, sustentadas en tecnolog\u00eda de punta, para garantizar la satisfacci\u00f3n de nuestros clientes en mantenimiento, reparaci\u00f3n y asesor\u00eda en sistemas integrales. Nos destacamos por nuestra calidad, eficiencia y compromiso con la excelencia.[\/et_pb_text][\/et_pb_column][\/et_pb_row][et_pb_row _builder_version=\u00bb4.27.4&#8243; _module_preset=\u00bbdefault\u00bb global_colors_info=\u00bb{}\u00bb][et_pb_column type=\u00bb4_4&#8243; _builder_version=\u00bb4.27.4&#8243; _module_preset=\u00bbdefault\u00bb global_colors_info=\u00bb{}\u00bb][et_pb_button button_text=\u00bb\ud83c\udfc6Casos de \u00c9xito\u00bb button_alignment=\u00bbcenter\u00bb _builder_version=\u00bb4.27.4&#8243; _module_preset=\u00bbdefault\u00bb custom_button=\u00bbon\u00bb button_text_size=\u00bb21px\u00bb button_text_color=\u00bb#FFFFFF\u00bb button_bg_use_color_gradient=\u00bbon\u00bb button_bg_color_gradient_direction=\u00bb151deg\u00bb button_bg_color_gradient_stops=\u00bb#2d57e2 0%|#2e96db 74%\u00bb button_border_width=\u00bb0px\u00bb button_border_color=\u00bb#0D65E0&#8243; button_border_radius=\u00bb12px\u00bb button_use_icon=\u00bboff\u00bb hover_enabled=\u00bb0&#8243; box_shadow_style=\u00bbpreset2&#8243; global_colors_info=\u00bb{}\u00bb button_url=\u00bb@ET-DC@eyJkeW5hbWljIjp0cnVlLCJjb250ZW50IjoicG9zdF9saW5rX3VybF9wb3N0Iiwic2V0dGluZ3MiOnsicG9zdF9pZCI6IjQ5OCJ9fQ==@\u00bb _dynamic_attributes=\u00bbbutton_url\u00bb sticky_enabled=\u00bb0&#8243;][\/et_pb_button][\/et_pb_column][\/et_pb_row][\/et_pb_section]<\/p>\n","protected":false},"excerpt":{"rendered":"<p>Protege tu infraestructura con soluciones avanzadas en gesti\u00f3n de redes y firewalls empresariales. Optimiza el rendimiento, previene ataques cibern\u00e9ticos y asegura la continuidad de tu negocio con tecnolog\u00eda de vanguardia. \ud83d\ude80\ud83d\udd12Creamos soluciones digitales innovadoras y a la medida de tu negocio. Desde aplicaciones web y m\u00f3viles hasta software empresarial, garantizando calidad, eficiencia y escalabilidad. Transforma [&hellip;]<\/p>\n","protected":false},"author":1,"featured_media":0,"parent":0,"menu_order":0,"comment_status":"closed","ping_status":"closed","template":"","meta":{"_et_pb_use_builder":"on","_et_pb_old_content":"","_et_gb_content_width":"","footnotes":""},"class_list":["post-159","page","type-page","status-publish","hentry"],"_links":{"self":[{"href":"https:\/\/softredes.co\/index.php\/wp-json\/wp\/v2\/pages\/159","targetHints":{"allow":["GET"]}}],"collection":[{"href":"https:\/\/softredes.co\/index.php\/wp-json\/wp\/v2\/pages"}],"about":[{"href":"https:\/\/softredes.co\/index.php\/wp-json\/wp\/v2\/types\/page"}],"author":[{"embeddable":true,"href":"https:\/\/softredes.co\/index.php\/wp-json\/wp\/v2\/users\/1"}],"replies":[{"embeddable":true,"href":"https:\/\/softredes.co\/index.php\/wp-json\/wp\/v2\/comments?post=159"}],"version-history":[{"count":61,"href":"https:\/\/softredes.co\/index.php\/wp-json\/wp\/v2\/pages\/159\/revisions"}],"predecessor-version":[{"id":500,"href":"https:\/\/softredes.co\/index.php\/wp-json\/wp\/v2\/pages\/159\/revisions\/500"}],"wp:attachment":[{"href":"https:\/\/softredes.co\/index.php\/wp-json\/wp\/v2\/media?parent=159"}],"curies":[{"name":"wp","href":"https:\/\/api.w.org\/{rel}","templated":true}]}}